{"id":161,"date":"2022-01-10T15:31:53","date_gmt":"2022-01-10T18:31:53","guid":{"rendered":"http:\/\/ladear.online\/?post_type=product&#038;p=161"},"modified":"2024-03-06T18:15:24","modified_gmt":"2024-03-06T21:15:24","slug":"dasentron-8-mg-x-10-comp","status":"publish","type":"product","link":"https:\/\/lafedar.com\/en\/producto\/dasentron-8-mg-x-10-comp\/","title":{"rendered":"DASENTRON"},"content":{"rendered":"","protected":false},"excerpt":{"rendered":"<p><strong>Principio Activo:<\/strong> Ondansetron HC.<br \/>\n<strong>Acci\u00f3n Terap\u00e9utica:<\/strong> Antiem\u00e9tico.<br \/>\n<strong>Composici\u00f3n:<\/strong> Cada comprimido de 8mg contiene Ondansetr\u00f3n base (como Clorhidrato de Ondansetr\u00f3n Dihidrato) 8mg. Cada ampolla de 4ml contiene Ondansetr\u00f3n base (como Clorhidrato de Ondansetr\u00f3n Dihidrato) 8mg.<br \/>\n<strong>Presentaci\u00f3n:<\/strong> Comprimidos 4mg y 8mg: Envase conteniendo 10, 20, 30, 40, 50, 60, 100 comprimidos. Inyectable 8 mg: Envases conteniendo 1, 5, 10 ampollas de 4 ml.<\/p>\n","protected":false},"featured_media":485,"template":"","meta":[],"product_brand":[],"product_cat":[42,30,187],"product_tag":[],"class_list":{"0":"post-161","1":"product","2":"type-product","3":"status-publish","4":"has-post-thumbnail","6":"product_cat-dasentron","7":"product_cat-oncologia","8":"product_cat-ondansetron-hc","9":"description-off","11":"first","12":"instock","13":"shipping-taxable","14":"product-type-simple"},"yoast_head":"<!-- This site is optimized with the Yoast SEO plugin v26.1.1 - https:\/\/yoast.com\/wordpress\/plugins\/seo\/ -->\n<title>DASENTRON - Lafedar<\/title>\n<meta name=\"robots\" content=\"index, follow, max-snippet:-1, max-image-preview:large, max-video-preview:-1\" \/>\n<link rel=\"canonical\" href=\"https:\/\/lafedar.com\/en\/producto\/dasentron-8-mg-x-10-comp\/\" \/>\n<meta property=\"og:locale\" content=\"en_US\" \/>\n<meta property=\"og:type\" content=\"article\" \/>\n<meta property=\"og:title\" content=\"DASENTRON - Lafedar\" \/>\n<meta property=\"og:description\" content=\"Principio Activo: Ondansetron HC. Acci\u00f3n Terap\u00e9utica: Antiem\u00e9tico. Composici\u00f3n: Cada comprimido de 8mg contiene Ondansetr\u00f3n base (como Clorhidrato de Ondansetr\u00f3n Dihidrato) 8mg. Cada ampolla de 4ml contiene Ondansetr\u00f3n base (como Clorhidrato de Ondansetr\u00f3n Dihidrato) 8mg. Presentaci\u00f3n: Comprimidos 4mg y 8mg: Envase conteniendo 10, 20, 30, 40, 50, 60, 100 comprimidos. Inyectable 8 mg: Envases conteniendo 1, 5, 10 ampollas de 4 ml.\" \/>\n<meta property=\"og:url\" content=\"https:\/\/lafedar.com\/en\/producto\/dasentron-8-mg-x-10-comp\/\" \/>\n<meta property=\"og:site_name\" content=\"Lafedar\" \/>\n<meta property=\"article:modified_time\" content=\"2024-03-06T21:15:24+00:00\" \/>\n<meta property=\"og:image\" content=\"https:\/\/lafedar.com\/en\/wp-content\/uploads\/2022\/01\/Dasentron1.png\" \/>\n\t<meta property=\"og:image:width\" content=\"1200\" \/>\n\t<meta property=\"og:image:height\" content=\"1200\" \/>\n\t<meta property=\"og:image:type\" content=\"image\/png\" \/>\n<meta name=\"twitter:card\" content=\"summary_large_image\" \/>\n<meta name=\"twitter:label1\" content=\"Est. reading time\" \/>\n\t<meta name=\"twitter:data1\" content=\"1 minute\" \/>\n<script type=\"application\/ld+json\" class=\"yoast-schema-graph\">{\"@context\":\"https:\/\/schema.org\",\"@graph\":[{\"@type\":\"WebPage\",\"@id\":\"https:\/\/lafedar.com\/en\/producto\/dasentron-8-mg-x-10-comp\/\",\"url\":\"https:\/\/lafedar.com\/en\/producto\/dasentron-8-mg-x-10-comp\/\",\"name\":\"DASENTRON - Lafedar\",\"isPartOf\":{\"@id\":\"https:\/\/lafedar.com\/en\/#website\"},\"primaryImageOfPage\":{\"@id\":\"https:\/\/lafedar.com\/en\/producto\/dasentron-8-mg-x-10-comp\/#primaryimage\"},\"image\":{\"@id\":\"https:\/\/lafedar.com\/en\/producto\/dasentron-8-mg-x-10-comp\/#primaryimage\"},\"thumbnailUrl\":\"https:\/\/lafedar.com\/en\/wp-content\/uploads\/2022\/01\/Dasentron1.png\",\"datePublished\":\"2022-01-10T18:31:53+00:00\",\"dateModified\":\"2024-03-06T21:15:24+00:00\",\"breadcrumb\":{\"@id\":\"https:\/\/lafedar.com\/en\/producto\/dasentron-8-mg-x-10-comp\/#breadcrumb\"},\"inLanguage\":\"en-US\",\"potentialAction\":[{\"@type\":\"ReadAction\",\"target\":[\"https:\/\/lafedar.com\/en\/producto\/dasentron-8-mg-x-10-comp\/\"]}]},{\"@type\":\"ImageObject\",\"inLanguage\":\"en-US\",\"@id\":\"https:\/\/lafedar.com\/en\/producto\/dasentron-8-mg-x-10-comp\/#primaryimage\",\"url\":\"https:\/\/lafedar.com\/en\/wp-content\/uploads\/2022\/01\/Dasentron1.png\",\"contentUrl\":\"https:\/\/lafedar.com\/en\/wp-content\/uploads\/2022\/01\/Dasentron1.png\",\"width\":1200,\"height\":1200},{\"@type\":\"BreadcrumbList\",\"@id\":\"https:\/\/lafedar.com\/en\/producto\/dasentron-8-mg-x-10-comp\/#breadcrumb\",\"itemListElement\":[{\"@type\":\"ListItem\",\"position\":1,\"name\":\"Portada\",\"item\":\"https:\/\/lafedar.com\/en\/\"},{\"@type\":\"ListItem\",\"position\":2,\"name\":\"Products\",\"item\":\"https:\/\/lafedar.com\/en\/productos\/\"},{\"@type\":\"ListItem\",\"position\":3,\"name\":\"DASENTRON\"}]},{\"@type\":\"WebSite\",\"@id\":\"https:\/\/lafedar.com\/en\/#website\",\"url\":\"https:\/\/lafedar.com\/en\/\",\"name\":\"Lafedar\",\"description\":\"\",\"potentialAction\":[{\"@type\":\"SearchAction\",\"target\":{\"@type\":\"EntryPoint\",\"urlTemplate\":\"https:\/\/lafedar.com\/en\/?s={search_term_string}\"},\"query-input\":{\"@type\":\"PropertyValueSpecification\",\"valueRequired\":true,\"valueName\":\"search_term_string\"}}],\"inLanguage\":\"en-US\"}]}<\/script>\n<!-- \/ Yoast SEO plugin. -->","yoast_head_json":{"title":"DASENTRON - Lafedar","robots":{"index":"index","follow":"follow","max-snippet":"max-snippet:-1","max-image-preview":"max-image-preview:large","max-video-preview":"max-video-preview:-1"},"canonical":"https:\/\/lafedar.com\/en\/producto\/dasentron-8-mg-x-10-comp\/","og_locale":"en_US","og_type":"article","og_title":"DASENTRON - Lafedar","og_description":"Principio Activo: Ondansetron HC. Acci\u00f3n Terap\u00e9utica: Antiem\u00e9tico. Composici\u00f3n: Cada comprimido de 8mg contiene Ondansetr\u00f3n base (como Clorhidrato de Ondansetr\u00f3n Dihidrato) 8mg. Cada ampolla de 4ml contiene Ondansetr\u00f3n base (como Clorhidrato de Ondansetr\u00f3n Dihidrato) 8mg. Presentaci\u00f3n: Comprimidos 4mg y 8mg: Envase conteniendo 10, 20, 30, 40, 50, 60, 100 comprimidos. Inyectable 8 mg: Envases conteniendo 1, 5, 10 ampollas de 4 ml.","og_url":"https:\/\/lafedar.com\/en\/producto\/dasentron-8-mg-x-10-comp\/","og_site_name":"Lafedar","article_modified_time":"2024-03-06T21:15:24+00:00","og_image":[{"width":1200,"height":1200,"url":"https:\/\/lafedar.com\/en\/wp-content\/uploads\/2022\/01\/Dasentron1.png","type":"image\/png"}],"twitter_card":"summary_large_image","twitter_misc":{"Est. reading time":"1 minute"},"schema":{"@context":"https:\/\/schema.org","@graph":[{"@type":"WebPage","@id":"https:\/\/lafedar.com\/en\/producto\/dasentron-8-mg-x-10-comp\/","url":"https:\/\/lafedar.com\/en\/producto\/dasentron-8-mg-x-10-comp\/","name":"DASENTRON - Lafedar","isPartOf":{"@id":"https:\/\/lafedar.com\/en\/#website"},"primaryImageOfPage":{"@id":"https:\/\/lafedar.com\/en\/producto\/dasentron-8-mg-x-10-comp\/#primaryimage"},"image":{"@id":"https:\/\/lafedar.com\/en\/producto\/dasentron-8-mg-x-10-comp\/#primaryimage"},"thumbnailUrl":"https:\/\/lafedar.com\/en\/wp-content\/uploads\/2022\/01\/Dasentron1.png","datePublished":"2022-01-10T18:31:53+00:00","dateModified":"2024-03-06T21:15:24+00:00","breadcrumb":{"@id":"https:\/\/lafedar.com\/en\/producto\/dasentron-8-mg-x-10-comp\/#breadcrumb"},"inLanguage":"en-US","potentialAction":[{"@type":"ReadAction","target":["https:\/\/lafedar.com\/en\/producto\/dasentron-8-mg-x-10-comp\/"]}]},{"@type":"ImageObject","inLanguage":"en-US","@id":"https:\/\/lafedar.com\/en\/producto\/dasentron-8-mg-x-10-comp\/#primaryimage","url":"https:\/\/lafedar.com\/en\/wp-content\/uploads\/2022\/01\/Dasentron1.png","contentUrl":"https:\/\/lafedar.com\/en\/wp-content\/uploads\/2022\/01\/Dasentron1.png","width":1200,"height":1200},{"@type":"BreadcrumbList","@id":"https:\/\/lafedar.com\/en\/producto\/dasentron-8-mg-x-10-comp\/#breadcrumb","itemListElement":[{"@type":"ListItem","position":1,"name":"Portada","item":"https:\/\/lafedar.com\/en\/"},{"@type":"ListItem","position":2,"name":"Products","item":"https:\/\/lafedar.com\/en\/productos\/"},{"@type":"ListItem","position":3,"name":"DASENTRON"}]},{"@type":"WebSite","@id":"https:\/\/lafedar.com\/en\/#website","url":"https:\/\/lafedar.com\/en\/","name":"Lafedar","description":"","potentialAction":[{"@type":"SearchAction","target":{"@type":"EntryPoint","urlTemplate":"https:\/\/lafedar.com\/en\/?s={search_term_string}"},"query-input":{"@type":"PropertyValueSpecification","valueRequired":true,"valueName":"search_term_string"}}],"inLanguage":"en-US"}]}},"_links":{"self":[{"href":"https:\/\/lafedar.com\/en\/wp-json\/wp\/v2\/product\/161","targetHints":{"allow":["GET"]}}],"collection":[{"href":"https:\/\/lafedar.com\/en\/wp-json\/wp\/v2\/product"}],"about":[{"href":"https:\/\/lafedar.com\/en\/wp-json\/wp\/v2\/types\/product"}],"wp:featuredmedia":[{"embeddable":true,"href":"https:\/\/lafedar.com\/en\/wp-json\/wp\/v2\/media\/485"}],"wp:attachment":[{"href":"https:\/\/lafedar.com\/en\/wp-json\/wp\/v2\/media?parent=161"}],"wp:term":[{"taxonomy":"product_brand","embeddable":true,"href":"https:\/\/lafedar.com\/en\/wp-json\/wp\/v2\/product_brand?post=161"},{"taxonomy":"product_cat","embeddable":true,"href":"https:\/\/lafedar.com\/en\/wp-json\/wp\/v2\/product_cat?post=161"},{"taxonomy":"product_tag","embeddable":true,"href":"https:\/\/lafedar.com\/en\/wp-json\/wp\/v2\/product_tag?post=161"}],"curies":[{"name":"wp","href":"https:\/\/api.w.org\/{rel}","templated":true}]}}